{"id":8,"date":"2014-12-19T10:40:44","date_gmt":"2014-12-19T09:40:44","guid":{"rendered":"http:\/\/xn--bjrnligan-17a.se\/intranet\/?page_id=8"},"modified":"2026-01-16T18:13:20","modified_gmt":"2026-01-16T17:13:20","slug":"noter","status":"publish","type":"page","link":"https:\/\/xn--bjrnligan-17a.se\/intranet\/noter\/","title":{"rendered":"Noter"},"content":{"rendered":"<h1>Noter<\/h1>\n<p>Noter inf\u00f6r konserten med Johan Steng\u00e5rd den 10 maj:<\/p>\n<p><a href=\"https:\/\/xn--bjrnligan-17a.se\/intranet\/noter\/amazing-grace-satb\/\" rel=\"attachment wp-att-1876\">Amazing grace SATB<\/a><br \/>\n<a href=\"https:\/\/xn--bjrnligan-17a.se\/intranet\/noter\/bygga-upp-ett-stort-berg-var-basta-tid\/\" rel=\"attachment wp-att-1877\">Bygga upp ett stort berg &#8211; V\u00e5r b\u00e4sta tid<\/a><br \/>\n<a href=\"https:\/\/xn--bjrnligan-17a.se\/intranet\/noter\/du-ar-den-ende-2\/\" rel=\"attachment wp-att-1878\">Du \u00e4r den ende 2<\/a><br \/>\n<a href=\"https:\/\/xn--bjrnligan-17a.se\/intranet\/noter\/ledin-medley\/\" rel=\"attachment wp-att-1879\">Ledin Medley<\/a><br \/>\n<a href=\"https:\/\/xn--bjrnligan-17a.se\/intranet\/noter\/michelangelo-satb\/\" rel=\"attachment wp-att-1880\">Michelangelo SATB<\/a><br \/>\n<a href=\"https:\/\/xn--bjrnligan-17a.se\/intranet\/noter\/musik-ska-byggas-2\/\" rel=\"attachment wp-att-1881\">Musik ska byggas 2<\/a><br \/>\n<a href=\"https:\/\/xn--bjrnligan-17a.se\/intranet\/noter\/pokarekare-ana-3\/\" rel=\"attachment wp-att-1882\">Pokarekare Ana 3<\/a><br \/>\n<a href=\"https:\/\/xn--bjrnligan-17a.se\/intranet\/noter\/abba-summer-night-city-kor\/\" rel=\"attachment wp-att-1888\">ABBA &#8211; Summer Night City &#8211; K\u00f6r<\/a><\/p>\n","protected":false},"excerpt":{"rendered":"<p>Noter Noter inf\u00f6r konserten med Johan Steng\u00e5rd den 10 maj: Amazing grace SATB Bygga upp ett stort berg &#8211; V\u00e5r b\u00e4sta tid Du \u00e4r den ende 2 Ledin Medley Michelangelo SATB Musik ska byggas 2 Pokarekare Ana 3 ABBA &#8211; Summer Night City &#8211; K\u00f6r<\/p>\n","protected":false},"author":1,"featured_media":0,"parent":0,"menu_order":3,"comment_status":"closed","ping_status":"closed","template":"","meta":{"ngg_post_thumbnail":0,"footnotes":""},"class_list":["post-8","page","type-page","status-publish","hentry"],"_links":{"self":[{"href":"https:\/\/xn--bjrnligan-17a.se\/intranet\/wp-json\/wp\/v2\/pages\/8","targetHints":{"allow":["GET"]}}],"collection":[{"href":"https:\/\/xn--bjrnligan-17a.se\/intranet\/wp-json\/wp\/v2\/pages"}],"about":[{"href":"https:\/\/xn--bjrnligan-17a.se\/intranet\/wp-json\/wp\/v2\/types\/page"}],"author":[{"embeddable":true,"href":"https:\/\/xn--bjrnligan-17a.se\/intranet\/wp-json\/wp\/v2\/users\/1"}],"replies":[{"embeddable":true,"href":"https:\/\/xn--bjrnligan-17a.se\/intranet\/wp-json\/wp\/v2\/comments?post=8"}],"version-history":[{"count":18,"href":"https:\/\/xn--bjrnligan-17a.se\/intranet\/wp-json\/wp\/v2\/pages\/8\/revisions"}],"predecessor-version":[{"id":1900,"href":"https:\/\/xn--bjrnligan-17a.se\/intranet\/wp-json\/wp\/v2\/pages\/8\/revisions\/1900"}],"wp:attachment":[{"href":"https:\/\/xn--bjrnligan-17a.se\/intranet\/wp-json\/wp\/v2\/media?parent=8"}],"curies":[{"name":"wp","href":"https:\/\/api.w.org\/{rel}","templated":true}]}}